{"id":1297,"date":"2022-12-21T08:12:58","date_gmt":"2022-12-21T08:12:58","guid":{"rendered":"https:\/\/misunion.org\/?page_id=1297"},"modified":"2025-09-03T08:06:25","modified_gmt":"2025-09-03T08:06:25","slug":"blog","status":"publish","type":"page","link":"https:\/\/misunion.org\/az\/blog\/","title":{"rendered":"Bloq"},"content":{"rendered":"<div data-elementor-type=\"wp-page\" data-elementor-id=\"1297\" class=\"elementor elementor-1297\">\n\t\t\t\t\t\t\t\t\t<section class=\"elementor-section elementor-top-section elementor-element elementor-element-bdcaf11 animated-slow elementor-section-boxed elementor-section-height-default elementor-section-height-default elementor-invisible\" data-id=\"bdcaf11\" data-element_type=\"section\" data-settings=\"{&quot;animation&quot;:&quot;fadeInLeft&quot;}\">\n\t\t\t\t\t\t<div class=\"elementor-container elementor-column-gap-default\">\n\t\t\t\t\t<div class=\"elementor-column elementor-col-100 elementor-top-column elementor-element elementor-element-9620d81\" data-id=\"9620d81\" data-element_type=\"column\">\n\t\t\t<div class=\"elementor-widget-wrap elementor-element-populated\">\n\t\t\t\t\t\t\t\t<div class=\"elementor-element elementor-element-2980300 elementor-grid-3 elementor-grid-tablet-2 elementor-grid-mobile-1 elementor-posts--thumbnail-top elementor-card-shadow-yes elementor-posts__hover-gradient elementor-widget elementor-widget-posts\" data-id=\"2980300\" data-element_type=\"widget\" data-settings=\"{&quot;pagination_type&quot;:&quot;numbers_and_prev_next&quot;,&quot;cards_columns&quot;:&quot;3&quot;,&quot;cards_columns_tablet&quot;:&quot;2&quot;,&quot;cards_columns_mobile&quot;:&quot;1&quot;,&quot;cards_row_gap&quot;:{&quot;unit&quot;:&quot;px&quot;,&quot;size&quot;:35,&quot;sizes&quot;:[]},&quot;cards_row_gap_tablet&quot;:{&quot;unit&quot;:&quot;px&quot;,&quot;size&quot;:&quot;&quot;,&quot;sizes&quot;:[]},&quot;cards_row_gap_mobile&quot;:{&quot;unit&quot;:&quot;px&quot;,&quot;size&quot;:&quot;&quot;,&quot;sizes&quot;:[]}}\" data-widget_type=\"posts.cards\">\n\t\t\t\t<div class=\"elementor-widget-container\">\n\t\t\t<link rel=\"stylesheet\" href=\"https:\/\/misunion.org\/wp-content\/plugins\/pro-elements\/assets\/css\/widget-posts.min.css\">\t\t<div class=\"elementor-posts-container elementor-posts elementor-posts--skin-cards elementor-grid\">\n\t\t\t\t<article class=\"elementor-post elementor-grid-item post-2698 post type-post status-publish format-standard has-post-thumbnail hentry category-blogs\">\n\t\t\t<div class=\"elementor-post__card\">\n\t\t\t\t<a class=\"elementor-post__thumbnail__link\" href=\"https:\/\/misunion.org\/az\/artificial-intelligence-for-governance-ai4gov\/\" ><div class=\"elementor-post__thumbnail\"><img width=\"525\" height=\"350\" src=\"https:\/\/misunion.org\/wp-content\/uploads\/2026\/01\/AI-1024x683.jpg\" class=\"attachment-large size-large wp-image-2649\" alt=\"\" decoding=\"async\" loading=\"lazy\" srcset=\"https:\/\/misunion.org\/wp-content\/uploads\/2026\/01\/AI-1024x683.jpg 1024w, https:\/\/misunion.org\/wp-content\/uploads\/2026\/01\/AI-300x200.jpg 300w, https:\/\/misunion.org\/wp-content\/uploads\/2026\/01\/AI-768x512.jpg 768w, https:\/\/misunion.org\/wp-content\/uploads\/2026\/01\/AI-1536x1024.jpg 1536w, https:\/\/misunion.org\/wp-content\/uploads\/2026\/01\/AI-2048x1365.jpg 2048w, https:\/\/misunion.org\/wp-content\/uploads\/2026\/01\/AI-18x12.jpg 18w\" sizes=\"(max-width: 525px) 100vw, 525px\" \/><\/div><\/a>\n\t\t\t\t<div class=\"elementor-post__badge\">Bloqlar<\/div>\n\t\t\t\t<div class=\"elementor-post__text\">\n\t\t\t\t<h3 class=\"elementor-post__title\">\n\t\t\t<a href=\"https:\/\/misunion.org\/az\/artificial-intelligence-for-governance-ai4gov\/\" >\n\t\t\t\tArtificial Intelligence for Governance\t\t\t<\/a>\n\t\t<\/h3>\n\t\t\t\t<div class=\"elementor-post__excerpt\">\n\t\t\t<p>Artificial Intelligence for Governance (AI4Gov) Artificial Intelligence (AI) is rapidly transforming how governments design policies, deliver public services, and interact with citizens. AI for governance\u2014often referred to as AI4Gov\u2014represents the<\/p>\n\t\t<\/div>\n\t\t\t\t\t<div class=\"elementor-post__read-more-wrapper\">\n\t\t\n\t\t<a class=\"elementor-post__read-more\" href=\"https:\/\/misunion.org\/az\/artificial-intelligence-for-governance-ai4gov\/\" >\n\t\t\tDaha \u00e7ox oxu\t\t<\/a>\n\n\t\t\t\t\t<\/div>\n\t\t\t\t<\/div>\n\t\t\t\t<div class=\"elementor-post__meta-data\">\n\t\t\t\t\t<span class=\"elementor-post-date\">\n\t\t\tMart 14, 2024\t\t<\/span>\n\t\t\t\t<\/div>\n\t\t\t\t\t<\/div>\n\t\t<\/article>\n\t\t\t\t<article class=\"elementor-post elementor-grid-item post-1682 post type-post status-publish format-standard has-post-thumbnail hentry category-blogs\">\n\t\t\t<div class=\"elementor-post__card\">\n\t\t\t\t<a class=\"elementor-post__thumbnail__link\" href=\"https:\/\/misunion.org\/az\/what-is-a-smart-city\/\" ><div class=\"elementor-post__thumbnail\"><img width=\"525\" height=\"295\" src=\"https:\/\/misunion.org\/wp-content\/uploads\/2022\/12\/Blog_1-1024x576.jpg\" class=\"attachment-large size-large wp-image-1683\" alt=\"\" decoding=\"async\" loading=\"lazy\" srcset=\"https:\/\/misunion.org\/wp-content\/uploads\/2022\/12\/Blog_1-1024x576.jpg 1024w, https:\/\/misunion.org\/wp-content\/uploads\/2022\/12\/Blog_1-300x169.jpg 300w, https:\/\/misunion.org\/wp-content\/uploads\/2022\/12\/Blog_1-768x432.jpg 768w, https:\/\/misunion.org\/wp-content\/uploads\/2022\/12\/Blog_1-18x10.jpg 18w, https:\/\/misunion.org\/wp-content\/uploads\/2022\/12\/Blog_1.jpg 1443w\" sizes=\"(max-width: 525px) 100vw, 525px\" \/><\/div><\/a>\n\t\t\t\t<div class=\"elementor-post__badge\">Bloqlar<\/div>\n\t\t\t\t<div class=\"elementor-post__text\">\n\t\t\t\t<h3 class=\"elementor-post__title\">\n\t\t\t<a href=\"https:\/\/misunion.org\/az\/what-is-a-smart-city\/\" >\n\t\t\t\tA\u011f\u0131ll\u0131 \u015f\u0259h\u0259r n\u0259dir?\t\t\t<\/a>\n\t\t<\/h3>\n\t\t\t\t<div class=\"elementor-post__excerpt\">\n\t\t\t<p>Smart Cities: Technology for People Despite the absence of a universally accepted definition, smart cities are most commonly associated with the use of technology, digital infrastructure, and data-driven decision-making. However,<\/p>\n\t\t<\/div>\n\t\t\t\t\t<div class=\"elementor-post__read-more-wrapper\">\n\t\t\n\t\t<a class=\"elementor-post__read-more\" href=\"https:\/\/misunion.org\/az\/what-is-a-smart-city\/\" >\n\t\t\tDaha \u00e7ox oxu\t\t<\/a>\n\n\t\t\t\t\t<\/div>\n\t\t\t\t<\/div>\n\t\t\t\t<div class=\"elementor-post__meta-data\">\n\t\t\t\t\t<span class=\"elementor-post-date\">\n\t\t\tDekabr 23, 2022\t\t<\/span>\n\t\t\t\t<\/div>\n\t\t\t\t\t<\/div>\n\t\t<\/article>\n\t\t\t\t<article class=\"elementor-post elementor-grid-item post-1685 post type-post status-publish format-standard has-post-thumbnail hentry category-blogs\">\n\t\t\t<div class=\"elementor-post__card\">\n\t\t\t\t<a class=\"elementor-post__thumbnail__link\" href=\"https:\/\/misunion.org\/az\/what-is-a-15-minute-city\/\" ><div class=\"elementor-post__thumbnail\"><img width=\"525\" height=\"295\" src=\"https:\/\/misunion.org\/wp-content\/uploads\/2022\/12\/Blog_2.png\" class=\"attachment-large size-large wp-image-1686\" alt=\"\" decoding=\"async\" loading=\"lazy\" srcset=\"https:\/\/misunion.org\/wp-content\/uploads\/2022\/12\/Blog_2.png 602w, https:\/\/misunion.org\/wp-content\/uploads\/2022\/12\/Blog_2-300x168.png 300w, https:\/\/misunion.org\/wp-content\/uploads\/2022\/12\/Blog_2-18x10.png 18w\" sizes=\"(max-width: 525px) 100vw, 525px\" \/><\/div><\/a>\n\t\t\t\t<div class=\"elementor-post__badge\">Bloqlar<\/div>\n\t\t\t\t<div class=\"elementor-post__text\">\n\t\t\t\t<h3 class=\"elementor-post__title\">\n\t\t\t<a href=\"https:\/\/misunion.org\/az\/what-is-a-15-minute-city\/\" >\n\t\t\t\t15 d\u0259qiq\u0259lik \u015f\u0259h\u0259r n\u0259dir?\t\t\t<\/a>\n\t\t<\/h3>\n\t\t\t\t<div class=\"elementor-post__excerpt\">\n\t\t\t<p>The 15-Minute City: Rethinking Urban Accessibility The 15-minute city is an urban planning concept that reimagines how cities are designed and experienced. At its core, the idea proposes that most<\/p>\n\t\t<\/div>\n\t\t\t\t\t<div class=\"elementor-post__read-more-wrapper\">\n\t\t\n\t\t<a class=\"elementor-post__read-more\" href=\"https:\/\/misunion.org\/az\/what-is-a-15-minute-city\/\" >\n\t\t\tDaha \u00e7ox oxu\t\t<\/a>\n\n\t\t\t\t\t<\/div>\n\t\t\t\t<\/div>\n\t\t\t\t<div class=\"elementor-post__meta-data\">\n\t\t\t\t\t<span class=\"elementor-post-date\">\n\t\t\tDekabr 23, 2022\t\t<\/span>\n\t\t\t\t<\/div>\n\t\t\t\t\t<\/div>\n\t\t<\/article>\n\t\t\t\t<\/div>\n\t\t\n\t\t\t\t<div class=\"e-load-more-anchor\" data-page=\"1\" data-max-page=\"2\" data-next-page=\"https:\/\/misunion.org\/az\/wp-json\/wp\/v2\/pages\/1297\/page\/2\/\"><\/div>\n\t\t\t\t<nav class=\"elementor-pagination\" aria-label=\"Pagination\">\n\t\t\t<span class=\"page-numbers prev\">\u00ab \u018fvv\u0259lki<\/span>\n<span aria-current=\"page\" class=\"page-numbers current\"><span class=\"elementor-screen-only\">Page<\/span>1<\/span>\n<a class=\"page-numbers\" href=\"https:\/\/misunion.org\/az\/wp-json\/wp\/v2\/pages\/1297\/page\/2\/\"><span class=\"elementor-screen-only\">Page<\/span>2<\/a>\n<a class=\"page-numbers next\" href=\"https:\/\/misunion.org\/az\/wp-json\/wp\/v2\/pages\/1297\/page\/2\/\">N\u00f6vb\u0259ti \u00bb<\/a>\t\t<\/nav>\n\t\t\t\t<\/div>\n\t\t\t\t<\/div>\n\t\t\t\t\t<\/div>\n\t\t<\/div>\n\t\t\t\t\t\t\t<\/div>\n\t\t<\/section>\n\t\t\t\t\t\t\t<\/div>","protected":false},"excerpt":{"rendered":"","protected":false},"author":1,"featured_media":0,"parent":0,"menu_order":4,"comment_status":"closed","ping_status":"closed","template":"","meta":[],"_links":{"self":[{"href":"https:\/\/misunion.org\/az\/wp-json\/wp\/v2\/pages\/1297"}],"collection":[{"href":"https:\/\/misunion.org\/az\/wp-json\/wp\/v2\/pages"}],"about":[{"href":"https:\/\/misunion.org\/az\/wp-json\/wp\/v2\/types\/page"}],"author":[{"embeddable":true,"href":"https:\/\/misunion.org\/az\/wp-json\/wp\/v2\/users\/1"}],"replies":[{"embeddable":true,"href":"https:\/\/misunion.org\/az\/wp-json\/wp\/v2\/comments?post=1297"}],"version-history":[{"count":48,"href":"https:\/\/misunion.org\/az\/wp-json\/wp\/v2\/pages\/1297\/revisions"}],"predecessor-version":[{"id":2492,"href":"https:\/\/misunion.org\/az\/wp-json\/wp\/v2\/pages\/1297\/revisions\/2492"}],"wp:attachment":[{"href":"https:\/\/misunion.org\/az\/wp-json\/wp\/v2\/media?parent=1297"}],"curies":[{"name":"wp","href":"https:\/\/api.w.org\/{rel}","templated":true}]}}